{"id":3,"date":"2024-03-20T10:06:51","date_gmt":"2024-03-20T10:06:51","guid":{"rendered":"https:\/\/badenbaden.curryketchup.be\/?page_id=3"},"modified":"2024-07-04T15:39:54","modified_gmt":"2024-07-04T13:39:54","slug":"politique-de-confidentialite","status":"publish","type":"page","link":"https:\/\/badenconcept.be\/fr\/politique-de-confidentialite\/","title":{"rendered":"Politique de confidentialit\u00e9"},"content":{"rendered":"\n<p><strong>R\u00e9glementation RGPD :<\/strong> la confidentialit\u00e9 et la s\u00e9curit\u00e9 sont pour nous de la plus haute importance et nous nous \u00e9vertuons d&rsquo;assurer que nos mesures techniques et organisationnelles respectent vos droits relatifs \u00e0 la protection des donn\u00e9es.<\/p>\n\n\n\n<p>En signant un bon de commande, en demandant une offre ou en remplissant un formulaire de contact sur notre site, vous convenez et acceptez que nous puissions recueillir, traiter, stocker vos donn\u00e9es personnelles. Cette proc\u00e9dure s&rsquo;applique automatiquement.<\/p>\n\n\n\n<p>Via notre formulaire, vous conserverez \u00e9galement le droit de rectification, le droit \u00e0 l&rsquo;oubli et\/ou le droit \u00e0 la suppression de vos donn\u00e9es personnelles.<\/p>\n\n\n\n<p>Le site Internet BadenConcept installe des cookies dans le seul but d&rsquo;activer ou d\u2019am\u00e9liorer les fonctionnalit\u00e9s offertes et l\u2019exp\u00e9rience de l&rsquo;internaute.<\/p>\n\n\n\n<p><strong>Cookies tiers :<\/strong> Facebook, Instagram, Pinterest et d&rsquo;autres outils g\u00e9r\u00e9s par des tiers peuvent installer des cookies pour le partage de contenu sur les r\u00e9seaux sociaux ou pour la compilation de statistiques de consultation.<\/p>\n\n\n\n<p>Si vous d\u00e9sirez obtenir plus d&rsquo;informations concernant la proc\u00e9dure de traitement de vos donn\u00e9es, vous pouvez nous contacter via mail : info@badenbaden.be<\/p>\n","protected":false},"excerpt":{"rendered":"<p>R\u00e9glementation RGPD : la confidentialit\u00e9 et la s\u00e9curit\u00e9 sont pour nous de la plus haute importance et nous nous \u00e9vertuons [&hellip;]<\/p>\n","protected":false},"author":1,"featured_media":304,"parent":0,"menu_order":0,"comment_status":"closed","ping_status":"closed","template":"","meta":{"_acf_changed":false,"footnotes":""},"class_list":["post-3","page","type-page","status-publish","has-post-thumbnail","hentry"],"acf":[],"aioseo_notices":[],"_links":{"self":[{"href":"https:\/\/badenconcept.be\/fr\/wp-json\/wp\/v2\/pages\/3","targetHints":{"allow":["GET"]}}],"collection":[{"href":"https:\/\/badenconcept.be\/fr\/wp-json\/wp\/v2\/pages"}],"about":[{"href":"https:\/\/badenconcept.be\/fr\/wp-json\/wp\/v2\/types\/page"}],"author":[{"embeddable":true,"href":"https:\/\/badenconcept.be\/fr\/wp-json\/wp\/v2\/users\/1"}],"replies":[{"embeddable":true,"href":"https:\/\/badenconcept.be\/fr\/wp-json\/wp\/v2\/comments?post=3"}],"version-history":[{"count":3,"href":"https:\/\/badenconcept.be\/fr\/wp-json\/wp\/v2\/pages\/3\/revisions"}],"predecessor-version":[{"id":1239,"href":"https:\/\/badenconcept.be\/fr\/wp-json\/wp\/v2\/pages\/3\/revisions\/1239"}],"wp:featuredmedia":[{"embeddable":true,"href":"https:\/\/badenconcept.be\/fr\/wp-json\/wp\/v2\/media\/304"}],"wp:attachment":[{"href":"https:\/\/badenconcept.be\/fr\/wp-json\/wp\/v2\/media?parent=3"}],"curies":[{"name":"wp","href":"https:\/\/api.w.org\/{rel}","templated":true}]}}